{"id":102,"date":"2019-07-04T11:43:35","date_gmt":"2019-07-04T09:43:35","guid":{"rendered":"http:\/\/www.agroalimenta.com\/?page_id=102"},"modified":"2021-05-31T16:22:59","modified_gmt":"2021-05-31T14:22:59","slug":"le-feste","status":"publish","type":"page","link":"https:\/\/www.agroalimenta.com\/?page_id=102","title":{"rendered":"Le Feste"},"content":{"rendered":"\n<figure class=\"wp-block-image is-resized\"><img decoding=\"async\" src=\"http:\/\/www.agroalimenta.com\/wp-content\/uploads\/2019\/08\/immagine-generica-Feste-1024x319.jpg\" alt=\"\" class=\"wp-image-907\" width=\"1924\" srcset=\"https:\/\/www.agroalimenta.com\/wp-content\/uploads\/2019\/08\/immagine-generica-Feste-1024x319.jpg 1024w, https:\/\/www.agroalimenta.com\/wp-content\/uploads\/2019\/08\/immagine-generica-Feste-300x94.jpg 300w, https:\/\/www.agroalimenta.com\/wp-content\/uploads\/2019\/08\/immagine-generica-Feste-768x240.jpg 768w, https:\/\/www.agroalimenta.com\/wp-content\/uploads\/2019\/08\/immagine-generica-Feste.jpg 1924w\" sizes=\"(max-width: 1024px) 100vw, 1024px\" \/><\/figure>\n\n\n\n<p style=\"text-align: justify;\"><span style=\"font-family: georgia, palatino, serif; font-size: 12pt;\">Il periodo delle festivit\u00e0 riunisce gli affetti pi\u00f9 cari ed \u00e8 ricerca di sapori e prodotti della tradizione. Agroalimenta con i suoi panettoni, pandori e le sue colombe porta sulle vostre tavole imbandite a festa il gusto della genuinit\u00e0 esaltando il sapore tipico della lavorazione di un tempo. <\/span><\/p>\n<p style=\"text-align: justify;\"><span style=\"font-family: georgia, palatino, serif; font-size: 12pt;\">La ricerca delle migliori materie prime, viene fatta con cura: l&#8217;utilizzo di nocciole, le uova di gallina allevate a terra, i canditi lavorati dal fresco come il cedro di Diamante e le arance di Sicilia, la vaniglia Bourbon del Madagascar, le farine dei migliori mulini caratterizzano la linea; inoltre l&#8217;utilizzo del lievito madre e la lenta lievitazione creano un prodotto unico nella sua forma e nel sapore.<\/span><\/p>\n<p style=\"text-align: justify;\"><span style=\"font-family: georgia, palatino, serif; font-size: 12pt;\">Arricchiti da diverse varianti per tutti i gusti, dai pi\u00f9 golosi ai pi\u00f9 delicati e raffinati, e da diversi incarti e scatolati per ogni vostra esigenza saranno un dono gradito. <\/span><span style=\"font-family: georgia, palatino, serif; font-size: 12pt;\">Prendetevi del tempo, sedetevi a tavola e gustate in compagnia dei vostri cari un prodotto delle feste che Agroalimenta confeziona con dedizione per voi, ne resterete estasiati.<\/span><\/p>\n\n\n<div class=\"rl-gallery-container rl-loading\" id=\"rl-gallery-container-1\" data-gallery_id=\"916\"> <h4 class=\"rl-gallery-title\">Le Feste<\/h4> <div class=\"rl-gallery rl-basicgrid-gallery rl-hover-effect-6 rl-hover-icon-2\" id=\"rl-gallery-1\" data-gallery_no=\"1\"> <div class=\"rl-gallery-item\"><a href=\"https:\/\/www.agroalimenta.com\/wp-content\/uploads\/2019\/08\/Pandori-1.jpg\" title=\"Pandori\" data-rl_title=\"Pandori\" class=\"rl-gallery-link\" data-rl_caption=\"\" data-rel=\"lightbox-gallery-1\"><img loading=\"lazy\" decoding=\"async\" src=\"https:\/\/www.agroalimenta.com\/wp-content\/uploads\/2019\/08\/Pandori-1-300x200.jpg\" width=\"300\" height=\"200\" alt=\"\"\/><span class=\"rl-gallery-caption\"><span class=\"rl-gallery-item-title\">Pandori<\/span><\/span><\/a><\/div><div class=\"rl-gallery-item\"><a href=\"https:\/\/www.agroalimenta.com\/wp-content\/uploads\/2019\/08\/Colomba.jpg\" title=\"Colomba\" data-rl_title=\"Colomba\" class=\"rl-gallery-link\" data-rl_caption=\"\" data-rel=\"lightbox-gallery-1\"><img loading=\"lazy\" decoding=\"async\" src=\"https:\/\/www.agroalimenta.com\/wp-content\/uploads\/2019\/08\/Colomba-300x200.jpg\" width=\"300\" height=\"200\" alt=\"\"\/><span class=\"rl-gallery-caption\"><span class=\"rl-gallery-item-title\">Colomba<\/span><\/span><\/a><\/div><div class=\"rl-gallery-item\"><a href=\"https:\/\/www.agroalimenta.com\/wp-content\/uploads\/2019\/08\/08-Scatola-linea-Carosello.jpg\" title=\"Scatola linea Carosello\" data-rl_title=\"Scatola linea Carosello\" class=\"rl-gallery-link\" data-rl_caption=\"\" data-rel=\"lightbox-gallery-1\"><img loading=\"lazy\" decoding=\"async\" src=\"https:\/\/www.agroalimenta.com\/wp-content\/uploads\/2019\/08\/08-Scatola-linea-Carosello-300x200.jpg\" width=\"300\" height=\"200\" alt=\"\"\/><span class=\"rl-gallery-caption\"><span class=\"rl-gallery-item-title\">Scatola linea Carosello<\/span><\/span><\/a><\/div><div class=\"rl-gallery-item\"><a href=\"https:\/\/www.agroalimenta.com\/wp-content\/uploads\/2019\/08\/Panettone-Linea-anonimi.jpg\" title=\"Panettone Linea anonimi\" data-rl_title=\"Panettone Linea anonimi\" class=\"rl-gallery-link\" data-rl_caption=\"\" data-rel=\"lightbox-gallery-1\"><img loading=\"lazy\" decoding=\"async\" src=\"https:\/\/www.agroalimenta.com\/wp-content\/uploads\/2019\/08\/Panettone-Linea-anonimi-300x200.jpg\" width=\"300\" height=\"200\" alt=\"\"\/><span class=\"rl-gallery-caption\"><span class=\"rl-gallery-item-title\">Panettone Linea anonimi<\/span><\/span><\/a><\/div><div class=\"rl-gallery-item\"><a href=\"https:\/\/www.agroalimenta.com\/wp-content\/uploads\/2019\/08\/05-Incarto-linea-Fantasy.jpg\" title=\"Incarto linea Fantasy\" data-rl_title=\"Incarto linea Fantasy\" class=\"rl-gallery-link\" data-rl_caption=\"\" data-rel=\"lightbox-gallery-1\"><img loading=\"lazy\" decoding=\"async\" src=\"https:\/\/www.agroalimenta.com\/wp-content\/uploads\/2019\/08\/05-Incarto-linea-Fantasy-300x200.jpg\" width=\"300\" height=\"200\" alt=\"\"\/><span class=\"rl-gallery-caption\"><span class=\"rl-gallery-item-title\">Incarto linea Fantasy<\/span><\/span><\/a><\/div><div class=\"rl-gallery-item\"><a href=\"https:\/\/www.agroalimenta.com\/wp-content\/uploads\/2019\/08\/07-Scatola-Linea-Ghirlanda.jpg\" title=\"Scatola Linea Ghirlanda\" data-rl_title=\"Scatola Linea Ghirlanda\" class=\"rl-gallery-link\" data-rl_caption=\"\" data-rel=\"lightbox-gallery-1\"><img loading=\"lazy\" decoding=\"async\" src=\"https:\/\/www.agroalimenta.com\/wp-content\/uploads\/2019\/08\/07-Scatola-Linea-Ghirlanda-300x200.jpg\" width=\"300\" height=\"200\" alt=\"\"\/><span class=\"rl-gallery-caption\"><span class=\"rl-gallery-item-title\">Scatola Linea Ghirlanda<\/span><\/span><\/a><\/div><div class=\"rl-gallery-item\"><a href=\"https:\/\/www.agroalimenta.com\/wp-content\/uploads\/2019\/08\/03-Colombe-incarto-rose.jpg\" title=\"Colombe incarto rose\" data-rl_title=\"Colombe incarto rose\" class=\"rl-gallery-link\" data-rl_caption=\"\" data-rel=\"lightbox-gallery-1\"><img loading=\"lazy\" decoding=\"async\" src=\"https:\/\/www.agroalimenta.com\/wp-content\/uploads\/2019\/08\/03-Colombe-incarto-rose-300x200.jpg\" width=\"300\" height=\"200\" alt=\"\"\/><span class=\"rl-gallery-caption\"><span class=\"rl-gallery-item-title\">Colombe incarto rose<\/span><\/span><\/a><\/div><div class=\"rl-gallery-item\"><a href=\"https:\/\/www.agroalimenta.com\/wp-content\/uploads\/2019\/08\/06-Panettoncino-100g.jpg\" title=\"Panettoncino 100g\" data-rl_title=\"Panettoncino 100g\" class=\"rl-gallery-link\" data-rl_caption=\"\" data-rel=\"lightbox-gallery-1\"><img loading=\"lazy\" decoding=\"async\" src=\"https:\/\/www.agroalimenta.com\/wp-content\/uploads\/2019\/08\/06-Panettoncino-100g-300x200.jpg\" width=\"300\" height=\"200\" alt=\"\"\/><span class=\"rl-gallery-caption\"><span class=\"rl-gallery-item-title\">Panettoncino 100g<\/span><\/span><\/a><\/div> <\/div> <\/div>\n\n\n\n<p><a href=\"http:\/\/www.agroalimenta.com\/?page_id=16\" target=\"_blank\" rel=\"noopener noreferrer\"><img loading=\"lazy\" decoding=\"async\" class=\"alignleft wp-image-902\" src=\"http:\/\/www.agroalimenta.com\/wp-content\/uploads\/2019\/08\/Catalogo-pasqua-rimando-1-300x67.png\" alt=\"\" width=\"450\" height=\"101\" srcset=\"https:\/\/www.agroalimenta.com\/wp-content\/uploads\/2019\/08\/Catalogo-pasqua-rimando-1-300x67.png 300w, https:\/\/www.agroalimenta.com\/wp-content\/uploads\/2019\/08\/Catalogo-pasqua-rimando-1-768x172.png 768w, https:\/\/www.agroalimenta.com\/wp-content\/uploads\/2019\/08\/Catalogo-pasqua-rimando-1.png 940w\" sizes=\"auto, (max-width: 450px) 100vw, 450px\" \/><\/a><a href=\"http:\/\/www.agroalimenta.com\/?page_id=14\" target=\"_blank\" rel=\"noopener noreferrer\"><img loading=\"lazy\" decoding=\"async\" class=\"alignright wp-image-900\" src=\"http:\/\/www.agroalimenta.com\/wp-content\/uploads\/2019\/08\/Catalogo-Natale-rimando-300x67.png\" alt=\"\" width=\"450\" height=\"101\" srcset=\"https:\/\/www.agroalimenta.com\/wp-content\/uploads\/2019\/08\/Catalogo-Natale-rimando-300x67.png 300w, https:\/\/www.agroalimenta.com\/wp-content\/uploads\/2019\/08\/Catalogo-Natale-rimando-768x172.png 768w, https:\/\/www.agroalimenta.com\/wp-content\/uploads\/2019\/08\/Catalogo-Natale-rimando.png 940w\" sizes=\"auto, (max-width: 450px) 100vw, 450px\" \/><\/a><\/p>\n\n\n\n<p><a href=\"http:\/\/www.agroalimenta.com\/?page_id=1027\" target=\"_blank\" rel=\"noopener noreferrer\"><img loading=\"lazy\" decoding=\"async\" class=\"alignright wp-image-1043\" src=\"http:\/\/www.agroalimenta.com\/wp-content\/uploads\/2019\/08\/Visualizza-Listino-Natale-300x67.png\" alt=\"\" width=\"450\" height=\"101\" srcset=\"https:\/\/www.agroalimenta.com\/wp-content\/uploads\/2019\/08\/Visualizza-Listino-Natale-300x67.png 300w, https:\/\/www.agroalimenta.com\/wp-content\/uploads\/2019\/08\/Visualizza-Listino-Natale-768x172.png 768w, https:\/\/www.agroalimenta.com\/wp-content\/uploads\/2019\/08\/Visualizza-Listino-Natale.png 940w\" sizes=\"auto, (max-width: 450px) 100vw, 450px\" \/><\/a> <a href=\"http:\/\/www.agroalimenta.com\/?page_id=1030\" target=\"_blank\" rel=\"noopener noreferrer\"><img loading=\"lazy\" decoding=\"async\" class=\"alignleft wp-image-1044\" src=\"http:\/\/www.agroalimenta.com\/wp-content\/uploads\/2019\/08\/Visualizza-Listino-Pasqua-300x67.png\" alt=\"\" width=\"450\" height=\"101\" srcset=\"https:\/\/www.agroalimenta.com\/wp-content\/uploads\/2019\/08\/Visualizza-Listino-Pasqua-300x67.png 300w, https:\/\/www.agroalimenta.com\/wp-content\/uploads\/2019\/08\/Visualizza-Listino-Pasqua-768x172.png 768w, https:\/\/www.agroalimenta.com\/wp-content\/uploads\/2019\/08\/Visualizza-Listino-Pasqua.png 940w\" sizes=\"auto, (max-width: 450px) 100vw, 450px\" \/><\/a><\/p>\n","protected":false},"excerpt":{"rendered":"<p>Il periodo delle festivit\u00e0 riunisce gli affetti pi\u00f9 cari ed \u00e8 ricerca di sapori e prodotti della tradizione. Agroalimenta con i suoi panettoni, pandori e le sue colombe porta sulle vostre tavole imbandite a festa il gusto della genuinit\u00e0 esaltando il sapore tipico della lavorazione di un tempo. La ricerca<\/p>\n","protected":false},"author":1,"featured_media":0,"parent":0,"menu_order":0,"comment_status":"closed","ping_status":"closed","template":"fullwidth.php","meta":{"footnotes":""},"class_list":["post-102","page","type-page","status-publish","hentry"],"_links":{"self":[{"href":"https:\/\/www.agroalimenta.com\/index.php?rest_route=\/wp\/v2\/pages\/102","targetHints":{"allow":["GET"]}}],"collection":[{"href":"https:\/\/www.agroalimenta.com\/index.php?rest_route=\/wp\/v2\/pages"}],"about":[{"href":"https:\/\/www.agroalimenta.com\/index.php?rest_route=\/wp\/v2\/types\/page"}],"author":[{"embeddable":true,"href":"https:\/\/www.agroalimenta.com\/index.php?rest_route=\/wp\/v2\/users\/1"}],"replies":[{"embeddable":true,"href":"https:\/\/www.agroalimenta.com\/index.php?rest_route=%2Fwp%2Fv2%2Fcomments&post=102"}],"version-history":[{"count":26,"href":"https:\/\/www.agroalimenta.com\/index.php?rest_route=\/wp\/v2\/pages\/102\/revisions"}],"predecessor-version":[{"id":1296,"href":"https:\/\/www.agroalimenta.com\/index.php?rest_route=\/wp\/v2\/pages\/102\/revisions\/1296"}],"wp:attachment":[{"href":"https:\/\/www.agroalimenta.com\/index.php?rest_route=%2Fwp%2Fv2%2Fmedia&parent=102"}],"curies":[{"name":"wp","href":"https:\/\/api.w.org\/{rel}","templated":true}]}}