{"id":3,"date":"2019-07-02T16:15:15","date_gmt":"2019-07-02T14:15:15","guid":{"rendered":"http:\/\/www.agroalimenta.com\/?page_id=3"},"modified":"2021-05-31T16:38:32","modified_gmt":"2021-05-31T14:38:32","slug":"privacy-policy","status":"publish","type":"page","link":"https:\/\/www.agroalimenta.com\/?page_id=3","title":{"rendered":"Privacy Policy"},"content":{"rendered":"\n<h1 style=\"text-align: center;\"><span style=\"color: #db7300;\"><strong>CONSENSO INFORMATO AL TRATTAMENTO DEI DATI PERSONALI<\/strong><\/span><\/h1>\n<p>I dati personali dell&#8217;utente sono utilizzati da Agroalimenta SRL, che ne \u00e8 titolare per il trattamento, nel rispetto dei principi di protezione dei dati personali stabiliti dal Regolamento GDPR 2016\/679.<\/p>\n<p><span style=\"color: #db7300;\"><strong><u>MODALIT\u00c0 E FINALIT\u00c0 DEL TRATTAMENTO DATI<\/u><\/strong><\/span><\/p>\n<p><span style=\"color: #db7300;\"><strong>1-)<\/strong><\/span> La informiamo che i dati verranno trattati con il supporto dei seguenti mezzi:<\/p>\n<ul>\n<li>Mista &#8211; elettronica e cartacea con le seguenti finalit\u00e0:<\/li>\n<\/ul>\n<table style=\"height: 714px;\" width=\"1225\">\n<tbody>\n<tr>\n<td style=\"text-align: center; width: 600px;\"><span style=\"color: #db7300;\">Adempimento di obblighi di legge connessi a rapporti commerciali<\/span><\/td>\n<td style=\"text-align: center; width: 609px;\"><span style=\"color: #db7300;\">Invio di comunicazioni di cortesia e\/o di materiale promozionale\/informativo<\/span><\/td>\n<\/tr>\n<tr>\n<td style=\"text-align: center; width: 600px;\"><span style=\"color: #db7300;\">Programmazione delle attivit\u00e0 (pianificazione e monitoraggio del lavoro)<\/span><\/td>\n<td style=\"text-align: center; width: 609px;\"><span style=\"color: #db7300;\">Elaborazione, stampa, imbustamento e spedizione delle fatture<\/span><\/td>\n<\/tr>\n<tr>\n<td style=\"text-align: center; width: 600px;\"><span style=\"color: #db7300;\">Gestione della clientela (contratti, ordini, spedizioni e fatture)<\/span><\/td>\n<td style=\"text-align: center; width: 609px;\"><span style=\"color: #db7300;\">Gestione del contenzioso (contratti, ordini, arrivi, fatture)<\/span><\/td>\n<\/tr>\n<tr>\n<td style=\"text-align: center; width: 600px;\"><span style=\"color: #db7300;\">Gestione dei fornitori (contratti, ordini, arrivi, fatture)<\/span><\/td>\n<td style=\"text-align: center; width: 609px;\"><span style=\"color: #db7300;\">Promozione di prodotti editoriali e marketing<\/span><\/td>\n<\/tr>\n<tr>\n<td style=\"text-align: center; width: 600px;\"><span style=\"color: #db7300;\">Marketing (analisi e indagini di mercato)<\/span><\/td>\n<td style=\"text-align: center; width: 609px;\"><span style=\"color: #db7300;\">Adempimento di obblighi fiscali o contabili<\/span><\/td>\n<\/tr>\n<tr>\n<td style=\"text-align: center; width: 600px;\"><span style=\"color: #db7300;\">Attivit\u00e0 di consulenza<\/span><\/td>\n<td style=\"text-align: center; width: 609px;\"><span style=\"color: #db7300;\">Attivit\u00e0 promozionali<\/span><\/td>\n<\/tr>\n<tr>\n<td style=\"text-align: center; width: 600px;\"><span style=\"color: #db7300;\">Comunicazione multimediale<\/span><\/td>\n<td style=\"text-align: center; width: 609px;\"><span style=\"color: #db7300;\">Gestione contabile o di tesoreria<\/span><\/td>\n<\/tr>\n<tr>\n<td style=\"text-align: center; width: 600px;\"><span style=\"color: #db7300;\">Erogazione del servizio prodotto<\/span><\/td>\n<td style=\"text-align: center; width: 609px;\"><span style=\"color: #db7300;\">Servizi di intermediazione<\/span><\/td>\n<\/tr>\n<tr>\n<td style=\"text-align: center; width: 600px;\"><span style=\"color: #db7300;\">Siti web<\/span><\/td>\n<td style=\"text-align: center; width: 609px;\"><span style=\"color: #db7300;\">Relazioni con il pubblico<\/span><\/td>\n<\/tr>\n<tr>\n<td style=\"text-align: center; width: 600px;\"><span style=\"color: #db7300;\">Pubblicit\u00e0<\/span><\/td>\n<td style=\"text-align: center; width: 609px;\"><span style=\"color: #db7300;\">Newsletter<\/span><\/td>\n<\/tr>\n<\/tbody>\n<\/table>\n<p>L&#8217;eventuale rifiuto nel consentire il trattamento dei dati comporta l&#8217;impossibilit\u00e0 di usufruire del servizio richiesto dall&#8217;utente.<\/p>\n<p>Fatto salvo esplicito diniego da parte dell&#8217;interessato, i dati dell\u2019utente saranno trattati anche per le seguenti finalit\u00e0:<\/p>\n<ul style=\"list-style-type: square;\">\n<li>invio di proposte e di comunicazioni commerciali a mezzo posta elettronica o SMS o fax.<\/li>\n<\/ul>\n<ul style=\"list-style-type: square;\">\n<li>indagini di mercato e statistiche, marketing e referenze su comunicazioni pubblicitarie (stampa, radio, TV, internet, ecc.), preferenze sui prodotti;<\/li>\n<\/ul>\n<p><span style=\"color: #db7300;\"><strong><u>BASE GIURIDICA<\/u><\/strong><\/span><\/p>\n<p><span style=\"color: #db7300;\"><strong>2-)<\/strong><\/span> Il conferimento dei dati \u00e8 obbligatorio per tutto quanto \u00e8 richiesto dagli obblighi legali e contrattuali e pertanto l&#8217;eventuale rifiuto a fornirli in tutto o in parte pu\u00f2 dar luogo all&#8217;impossibilit\u00e0 di fornire i servizi richiesti.<\/p>\n<p>La societ\u00e0 tratta i dati facoltativi degli utenti in base al consenso, ossia mediante l\u2019approvazione esplicita della presente policy privacy e in relazione alle modalit\u00e0 e finalit\u00e0 di seguito descritte.<\/p>\n<p><span style=\"color: #db7300;\"><strong><u>CATEGORIE DI DESTINATARI<\/u><\/strong><\/span><\/p>\n<p><span style=\"color: #db7300;\"><strong>3-)<\/strong><\/span> Ferme restando le comunicazioni eseguite in adempimento di obblighi di legge e contrattuali, tutti i dati raccolti ed elaborati potranno essere comunicati esclusivamente per le finalit\u00e0 sopra specificate alle seguenti categorie di interessati:<\/p>\n<ul style=\"list-style-type: square;\">\n<li>Persone autorizzate;<\/li>\n<\/ul>\n<p>Nella gestione dei suoi dati, inoltre, possono venire a conoscenza degli stessi le seguenti categorie di persone autorizzate e\/o responsabili interni ed esterni individuati per iscritto ed ai quali sono state fornite specifiche istruzioni scritte circa il trattamento dei dati.<\/p>\n<p><span style=\"color: #db7300;\"><strong><u>PERIODO DI CONSERVAZIONE<\/u><\/strong><\/span><\/p>\n<p><span style=\"color: #db7300;\"><strong>4-)<\/strong><\/span> I dati obbligatori ai fini contrattuali e contabili sono conservati per il tempo necessario allo svolgimento del rapporto commerciale e contabile.<\/p>\n<p>I dati di chi non acquista o usufruisce di prodotti\/servizi, pur avendo avuto un precedente contatto con dei rappresentanti dell\u2019azienda, saranno immediatamente cancellati o trattati in forma anonima, ove la loro conservazione non risulti altrimenti giustificata, salvo che sia stato acquisito validamente il consenso informato degli interessati relativo ad una successiva attivit\u00e0 di promozione commerciale o ricerca di mercato.<\/p>\n<p>Il periodo di conservazione dei dati \u00e8 2 anni.<\/p>\n<p><span style=\"color: #db7300;\"><strong><u>DIRITTI DELL\u2019INTERESSATO<\/u><\/strong><\/span><\/p>\n<p><span style=\"color: #db7300;\"><strong>5-)<\/strong> <\/span>Ai sensi del Regolamento europeo 679\/2016 (GDPR) e della normativa nazionale, l&#8217;interessato pu\u00f2, secondo le modalit\u00e0 e nei limiti previsti dalla vigente normativa, esercitare i seguenti diritti:<\/p>\n<ul style=\"list-style-type: square;\">\n<li>richiedere la conferma dell&#8217;esistenza di dati personali che lo riguardano (diritto di accesso);<\/li>\n<li>conoscerne l&#8217;origine;<\/li>\n<li>riceverne comunicazione intelligibile;<\/li>\n<li>avere informazioni circa la logica, le modalit\u00e0 e le finalit\u00e0 del trattamento;<\/li>\n<li>richiederne l&#8217;aggiornamento, la rettifica, l&#8217;integrazione, la cancellazione, la trasformazione in forma anonima, il blocco dei dati trattati in violazione di legge, ivi compresi quelli non pi\u00f9 necessari al perseguimento degli scopi per i quali sono stati raccolti;<\/li>\n<li>nei casi di trattamento basato su consenso, ricevere i propri dati forniti al titolare, in forma strutturata e leggibile da un elaboratore di dati e in un formato comunemente usato da un dispositivo elettronico;<\/li>\n<li>il diritto di presentare un reclamo all&#8217;Autorit\u00e0 di controllo.<\/li>\n<\/ul>\n<p><span style=\"color: #db7300;\"><strong>6-)<\/strong><\/span> Titolare del trattamento dei Suoi dati personali \u00e8 Agroalimenta SRL<\/p>\n","protected":false},"excerpt":{"rendered":"<p>CONSENSO INFORMATO AL TRATTAMENTO DEI DATI PERSONALI I dati personali dell&#8217;utente sono utilizzati da Agroalimenta SRL, che ne \u00e8 titolare per il trattamento, nel rispetto dei principi di protezione dei dati personali stabiliti dal Regolamento GDPR 2016\/679. MODALIT\u00c0 E FINALIT\u00c0 DEL TRATTAMENTO DATI 1-) La informiamo che i dati verranno<\/p>\n","protected":false},"author":1,"featured_media":0,"parent":0,"menu_order":0,"comment_status":"closed","ping_status":"open","template":"fullwidth.php","meta":{"footnotes":""},"class_list":["post-3","page","type-page","status-publish","hentry"],"_links":{"self":[{"href":"https:\/\/www.agroalimenta.com\/index.php?rest_route=\/wp\/v2\/pages\/3","targetHints":{"allow":["GET"]}}],"collection":[{"href":"https:\/\/www.agroalimenta.com\/index.php?rest_route=\/wp\/v2\/pages"}],"about":[{"href":"https:\/\/www.agroalimenta.com\/index.php?rest_route=\/wp\/v2\/types\/page"}],"author":[{"embeddable":true,"href":"https:\/\/www.agroalimenta.com\/index.php?rest_route=\/wp\/v2\/users\/1"}],"replies":[{"embeddable":true,"href":"https:\/\/www.agroalimenta.com\/index.php?rest_route=%2Fwp%2Fv2%2Fcomments&post=3"}],"version-history":[{"count":4,"href":"https:\/\/www.agroalimenta.com\/index.php?rest_route=\/wp\/v2\/pages\/3\/revisions"}],"predecessor-version":[{"id":1059,"href":"https:\/\/www.agroalimenta.com\/index.php?rest_route=\/wp\/v2\/pages\/3\/revisions\/1059"}],"wp:attachment":[{"href":"https:\/\/www.agroalimenta.com\/index.php?rest_route=%2Fwp%2Fv2%2Fmedia&parent=3"}],"curies":[{"name":"wp","href":"https:\/\/api.w.org\/{rel}","templated":true}]}}